{"id":440,"date":"2022-08-31T12:59:54","date_gmt":"2022-08-31T12:59:54","guid":{"rendered":"https:\/\/chamaeleon-demenz.de\/?page_id=440"},"modified":"2023-04-02T12:43:36","modified_gmt":"2023-04-02T12:43:36","slug":"links","status":"publish","type":"page","link":"https:\/\/chamaeleon-demenz.de\/?page_id=440","title":{"rendered":"Links"},"content":{"rendered":"<p>[et_pb_section fb_built=&#8220;1&#8243; _builder_version=&#8220;4.18.0&#8243; _module_preset=&#8220;default&#8220; custom_margin=&#8220;0px||0px||false|false&#8220; custom_padding=&#8220;0px||0px||false|false&#8220; global_colors_info=&#8220;{}&#8220;][et_pb_row _builder_version=&#8220;4.18.0&#8243; _module_preset=&#8220;default&#8220; custom_margin=&#8220;0px||0px||false|false&#8220; custom_padding=&#8220;0px||0px||false|false&#8220; global_colors_info=&#8220;{}&#8220;][et_pb_column type=&#8220;4_4&#8243; _builder_version=&#8220;4.18.0&#8243; _module_preset=&#8220;default&#8220; global_colors_info=&#8220;{}&#8220;][lwp_divi_breadcrumbs home_text=&#8220;Startseite&#8220; link_color=&#8220;#000000&#8243; separator_color=&#8220;#000000&#8243; current_text_color=&#8220;#000000&#8243; _builder_version=&#8220;4.18.0&#8243; _module_preset=&#8220;default&#8220; global_colors_info=&#8220;{}&#8220;][\/lwp_divi_breadcrumbs][\/et_pb_column][\/et_pb_row][\/et_pb_section][et_pb_section fb_built=&#8220;1&#8243; _builder_version=&#8220;4.17.6&#8243; _module_preset=&#8220;default&#8220; background_color=&#8220;RGBA(255,255,255,0)&#8220; global_colors_info=&#8220;{}&#8220;][\/et_pb_section][et_pb_section fb_built=&#8220;1&#8243; _builder_version=&#8220;4.18.0&#8243; _module_preset=&#8220;default&#8220; module_alignment=&#8220;center&#8220; custom_margin=&#8220;0px|0px|0px|0px|false|false&#8220; custom_padding=&#8220;0px|0px|0px|0px|false|false&#8220; global_colors_info=&#8220;{}&#8220;][et_pb_row _builder_version=&#8220;4.18.0&#8243; _module_preset=&#8220;default&#8220; module_alignment=&#8220;center&#8220; custom_margin=&#8220;0px||0px||false|false&#8220; custom_padding=&#8220;0px||0px||false|false&#8220; global_colors_info=&#8220;{}&#8220;][et_pb_column type=&#8220;4_4&#8243; _builder_version=&#8220;4.18.0&#8243; _module_preset=&#8220;default&#8220; global_colors_info=&#8220;{}&#8220;][et_pb_text _builder_version=&#8220;4.18.0&#8243; _dynamic_attributes=&#8220;content&#8220; _module_preset=&#8220;default&#8220; header_text_align=&#8220;left&#8220; header_4_line_height=&#8220;1.5em&#8220; text_orientation=&#8220;center&#8220; module_alignment=&#8220;center&#8220; custom_margin=&#8220;0px|0px|0px|0px|false|false&#8220; custom_padding=&#8220;0px|0px|0px|0px|false|false&#8220; header_font_size_tablet=&#8220;55px&#8220; header_font_size_last_edited=&#8220;off|desktop&#8220; header_4_font_size_tablet=&#8220;&#8220; header_4_font_size_phone=&#8220;15px&#8220; header_4_font_size_last_edited=&#8220;on|tablet&#8220; global_colors_info=&#8220;{}&#8220;]@ET-DC@eyJkeW5hbWljIjp0cnVlLCJjb250ZW50IjoiY3VycmVudF9kYXRlIiwic2V0dGluZ3MiOnsiYmVmb3JlIjoiQ29weXJpZ2h0IFx1MDBhOSAiLCJhZnRlciI6IiBDaGFtYWVsZW9uIERlbWVueiAiLCJkYXRlX2Zvcm1hdCI6ImN1c3RvbSIsImN1c3RvbV9kYXRlX2Zvcm1hdCI6IlkifX0=@[\/et_pb_text][\/et_pb_column][\/et_pb_row][et_pb_row column_structure=&#8220;1_3,2_3&#8243; use_custom_gutter=&#8220;on&#8220; gutter_width=&#8220;2&#8243; _builder_version=&#8220;4.19.4&#8243; _module_preset=&#8220;default&#8220; background_color=&#8220;RGBA(255,255,255,0)&#8220; custom_margin=&#8220;0px||0px||false|false&#8220; custom_padding=&#8220;12px|12px|12px|12px|false|false&#8220; border_radii=&#8220;on|14px|14px|14px|14px&#8220; global_colors_info=&#8220;{}&#8220;][et_pb_column type=&#8220;1_3&#8243; _builder_version=&#8220;4.18.0&#8243; _module_preset=&#8220;default&#8220; global_colors_info=&#8220;{}&#8220;][et_pb_image src=&#8220;https:\/\/chamaeleon-demenz.de\/wp-content\/uploads\/2022\/09\/Chamaeleon_Kreis_Links.png&#8220; title_text=&#8220;Cham\u00e4leon Links&#8220; align=&#8220;center&#8220; force_fullwidth=&#8220;on&#8220; _builder_version=&#8220;4.19.5&#8243; _module_preset=&#8220;default&#8220; global_colors_info=&#8220;{}&#8220;][\/et_pb_image][\/et_pb_column][et_pb_column type=&#8220;2_3&#8243; _builder_version=&#8220;4.18.0&#8243; _module_preset=&#8220;default&#8220; global_colors_info=&#8220;{}&#8220;][et_pb_text _builder_version=&#8220;4.18.0&#8243; _module_preset=&#8220;default&#8220; header_3_text_color=&#8220;#000c93&#8243; global_colors_info=&#8220;{}&#8220;]<\/p>\n<p>&nbsp;<\/p>\n<p><em><strong>S3 Leitlinie Demenzen<\/strong><br \/><\/em>Eine gute \u00dcbersicht \u00fcber den aktuellen Kenntnisstand zu den verschiedenen Demenzen inkl. Diagnostik und Therapieans\u00e4tzen bietet die S3 Leitlinie Demenz<br \/><a href=\"https:\/\/www.dggpp.de\/leitlinien\/s3-leitlinie-demenz-kf.pdf\">https:\/\/www.dggpp.de\/leitlinien\/s3-leitlinie-demenz-kf.pdf<\/a><\/p>\n<p><em><strong>Nationale Demenzstrategie<\/strong> <br \/><\/em>2020 hat die Bundesregierung die Nationale Demenzstrategie f\u00fcr Deutschland vorgestellt, die sie gemeinsam mit zahlreichen Partnern aus Politik, Gesellschaft und Forschung entwickelt hat. Die Strategie baut auf der Arbeit der \u201eAllianz f\u00fcr Menschen mit Demenz\u201c auf und liegt in deutscher und englischer Sprache jeweils in einer Lang- und Kurzfassung vor.\u00a0<br \/><a href=\"https:\/\/www.nationale-demenzstrategie.de\/die-strategie\">https:\/\/www.nationale-demenzstrategie.de\/die-strategie<\/a><\/p>\n<p><strong><em>Silviahemmet<\/em><\/strong><\/p>\n<p>Eine selbstbestimmte Lebensweise f\u00fcr an Demenz erkrankte Menschen wie deren Angeh\u00f6rige, h\u00f6chstm\u00f6gliche Lebensqualit\u00e4t bis zum letzten Atemzug und Lebensperspektive. Das sind die Ziele der Arbeit der Stiftung Silviahemmet, die auf dem Palliativ Care Prinzip aufsetzt, und die K\u00f6nigin von Schweden 1996 gegr\u00fcndet hat.<\/p>\n<p>Informationen \u00fcber die schwedische <strong><em>Silviahemmet Stiftung<\/em><\/strong> und ihre Aktivit\u00e4ten<br \/><a href=\"http:\/\/www.silviahemmet.se\">www.silviahemmet.se<\/a><\/p>\n<p>Die Website des <em><strong>schwedischen Demenzkompetenzzentrums<\/strong><br \/><\/em><a href=\"http:\/\/www.demenscentrum.se\">www.demenscentrum.se<\/a><\/p>\n<p>&nbsp;<\/p>\n<p>&nbsp;<\/p>\n<p>&nbsp;<\/p>\n<p>&nbsp;<\/p>\n<p>&nbsp;<\/p>\n<p>&nbsp;<\/p>\n<p>&nbsp;<\/p>\n<p>&nbsp;<\/p>\n<p>[\/et_pb_text][\/et_pb_column][\/et_pb_row][\/et_pb_section]<\/p>\n","protected":false},"excerpt":{"rendered":"<p><div class=\"et_pb_module lwp_divi_breadcrumbs lwp_divi_breadcrumbs_0\">\n\t\t\t\t\n\t\t\t\t\n\t\t\t\t\n\t\t\t\t\n\t\t\t\t\n\t\t\t\t\n\t\t\t\t<div class=\"et_pb_module_inner\">\n\t\t\t\t\t<div class=\"lwp-breadcrumbs\"> <span class=\"before\"><\/span> <span vocab=\"https:\/\/schema.org\/\" typeof=\"BreadcrumbList\"><span property=\"itemListElement\" typeof=\"ListItem\"><a property=\"item\" typeof=\"WebPage\" href=\"https:\/\/chamaeleon-demenz.de\/\" class=\"home\"><span property=\"name\">Startseite<\/span><\/a><meta property=\"position\" content=\"1\"><\/span> <span class=\"separator et-pb-icon\">&#x39;<\/span> <\/span><\/div>\n\t\t\t\t<\/div>\n\t\t\t<\/div>&nbsp; S3 Leitlinie DemenzenEine gute \u00dcbersicht \u00fcber den aktuellen Kenntnisstand zu den verschiedenen Demenzen inkl. Diagnostik und Therapieans\u00e4tzen bietet die S3 Leitlinie Demenzhttps:\/\/www.dggpp.de\/leitlinien\/s3-leitlinie-demenz-kf.pdf Nationale Demenzstrategie 2020 hat die Bundesregierung die Nationale Demenzstrategie f\u00fcr Deutschland vorgestellt, die sie gemeinsam mit zahlreichen Partnern aus Politik, Gesellschaft und Forschung entwickelt hat. [&hellip;]<\/p>\n","protected":false},"author":1,"featured_media":0,"parent":0,"menu_order":0,"comment_status":"closed","ping_status":"closed","template":"","meta":{"_et_pb_use_builder":"on","_et_pb_old_content":"","_et_gb_content_width":""},"_links":{"self":[{"href":"https:\/\/chamaeleon-demenz.de\/index.php?rest_route=\/wp\/v2\/pages\/440"}],"collection":[{"href":"https:\/\/chamaeleon-demenz.de\/index.php?rest_route=\/wp\/v2\/pages"}],"about":[{"href":"https:\/\/chamaeleon-demenz.de\/index.php?rest_route=\/wp\/v2\/types\/page"}],"author":[{"embeddable":true,"href":"https:\/\/chamaeleon-demenz.de\/index.php?rest_route=\/wp\/v2\/users\/1"}],"replies":[{"embeddable":true,"href":"https:\/\/chamaeleon-demenz.de\/index.php?rest_route=%2Fwp%2Fv2%2Fcomments&post=440"}],"version-history":[{"count":28,"href":"https:\/\/chamaeleon-demenz.de\/index.php?rest_route=\/wp\/v2\/pages\/440\/revisions"}],"predecessor-version":[{"id":848,"href":"https:\/\/chamaeleon-demenz.de\/index.php?rest_route=\/wp\/v2\/pages\/440\/revisions\/848"}],"wp:attachment":[{"href":"https:\/\/chamaeleon-demenz.de\/index.php?rest_route=%2Fwp%2Fv2%2Fmedia&parent=440"}],"curies":[{"name":"wp","href":"https:\/\/api.w.org\/{rel}","templated":true}]}}