{"id":23,"date":"2022-08-03T13:52:06","date_gmt":"2022-08-03T13:52:06","guid":{"rendered":"https:\/\/chamaeleon-demenz.de\/?page_id=23"},"modified":"2023-02-03T15:51:59","modified_gmt":"2023-02-03T15:51:59","slug":"landing","status":"publish","type":"page","link":"https:\/\/chamaeleon-demenz.de\/","title":{"rendered":"Landing"},"content":{"rendered":"<p>[et_pb_section fb_built=&#8220;1&#8243; _builder_version=&#8220;4.17.6&#8243; _module_preset=&#8220;default&#8220; background_color=&#8220;RGBA(255,255,255,0)&#8220; global_colors_info=&#8220;{}&#8220;][et_pb_row column_structure=&#8220;1_3,2_3&#8243; use_custom_gutter=&#8220;on&#8220; gutter_width=&#8220;1&#8243; _builder_version=&#8220;4.19.4&#8243; _module_preset=&#8220;default&#8220; width=&#8220;69%&#8220; module_alignment=&#8220;center&#8220; custom_margin=&#8220;|||||false&#8220; global_colors_info=&#8220;{}&#8220;][et_pb_column type=&#8220;1_3&#8243; _builder_version=&#8220;4.17.6&#8243; _module_preset=&#8220;default&#8220; global_colors_info=&#8220;{}&#8220;][et_pb_image src=&#8220;https:\/\/chamaeleon-demenz.de\/wp-content\/uploads\/2023\/01\/Chamaeleon_Allgemein-e1674821347951.png&#8220; title_text=&#8220;Cham\u00e4leon Willkommen&#8220; align=&#8220;right&#8220; force_fullwidth=&#8220;on&#8220; _builder_version=&#8220;4.19.5&#8243; _module_preset=&#8220;default&#8220; min_height=&#8220;105px&#8220; custom_padding=&#8220;|62px||85px|false|false&#8220; global_colors_info=&#8220;{}&#8220;][\/et_pb_image][\/et_pb_column][et_pb_column type=&#8220;2_3&#8243; _builder_version=&#8220;4.17.6&#8243; _module_preset=&#8220;default&#8220; global_colors_info=&#8220;{}&#8220;][et_pb_text _builder_version=&#8220;4.19.5&#8243; _module_preset=&#8220;default&#8220; min_height=&#8220;322.4px&#8220; custom_padding=&#8220;0px||0px|||&#8220; link_option_url=&#8220;https:\/\/chamaeleon-demenz.de\/?page_id=201&#8243; locked=&#8220;off&#8220; global_colors_info=&#8220;{}&#8220;]<\/p>\n<p style=\"text-align: left;\">Willkommen bei Cham\u00e4leon-Demenz!<\/p>\n<p style=\"text-align: justify;\"><em>Cham\u00e4leon und Demenz &#8211; Was haben diese Dinge miteinander zu tun?<\/em><br \/>Viele herausfordernde Situationen, speziell in der Begleitung von Menschen mit Demenz, gr\u00fcnden auf der Schwierigkeit, sich gegenseitig zu verst\u00e4ndigen. Das ist in der Tierwelt nicht anders. Allerdings ist hier die angewendete &#8222;Sprache&#8220; je nach Spezies sehr unterschiedlich. So nutzen die verschiedenen Cham\u00e4leonarten unterschiedliche Farben und Muster zur Kommunikation, die abh\u00e4ngig von der Situation wechseln. Wer diese Kommunikation versteht, kann mitreden und entscheiden. \u00c4hnlich ist es bei der Demenz. Je besser die mit der Demenz verbundenen Zeichen und Auspr\u00e4gungen verstanden werden, umso eher finden sich L\u00f6sungen, die den Alltag erleichtern und Lebensqualit\u00e4t f\u00fcr alle erm\u00f6glichen.<br \/>Diese Website ist ein Angebot, tiefer in die Geheimnisse der Demenz einzudringen &#8230;<br \/><em><\/em><\/p>\n<p>[\/et_pb_text][\/et_pb_column][\/et_pb_row][et_pb_row column_structure=&#8220;1_4,1_4,1_4,1_4&#8243; _builder_version=&#8220;4.19.4&#8243; _module_preset=&#8220;default&#8220; custom_margin=&#8220;0px||||false|false&#8220; custom_padding=&#8220;0px||||false|false&#8220; global_colors_info=&#8220;{}&#8220;][et_pb_column type=&#8220;1_4&#8243; _builder_version=&#8220;4.17.6&#8243; _module_preset=&#8220;default&#8220; global_colors_info=&#8220;{}&#8220;][et_pb_image src=&#8220;https:\/\/chamaeleon-demenz.de\/wp-content\/uploads\/2022\/09\/Chamaeleon_Kreis_Neuigkeiten-1.png&#8220; title_text=&#8220;Cham\u00e4leon Neuigkeiten&#8220; url=&#8220;https:\/\/chamaeleon-demenz.de\/?p=285&#8243; align=&#8220;center&#8220; _builder_version=&#8220;4.19.5&#8243; _module_preset=&#8220;default&#8220; width=&#8220;100%&#8220; module_alignment=&#8220;center&#8220; custom_margin=&#8220;0px|0px|0px|0px|false|false&#8220; custom_padding=&#8220;0px|0px|2px|0px|false|false&#8220; global_colors_info=&#8220;{}&#8220;][\/et_pb_image][et_pb_text _builder_version=&#8220;4.19.5&#8243; _module_preset=&#8220;default&#8220; link_option_url=&#8220;https:\/\/chamaeleon-demenz.de\/?p=285&#8243; global_colors_info=&#8220;{}&#8220;]<\/p>\n<h1 style=\"text-align: center;\">Neuigkeiten<\/h1>\n<p style=\"text-align: center;\">Allein in Deutschland sind nach Sch\u00e4tzungen 1,8 Mio. Menschen an Demenz erkrankt. T\u00e4glich gibt es News aus den unterschiedlichen Bereichen, die je nachdem f\u00fcr Menschen mit Demenz von gro\u00dfer Bedeutung sind.<\/p>\n<p>[\/et_pb_text][et_pb_button button_url=&#8220;https:\/\/chamaeleon-demenz.de\/?page_id=25&#8243; button_text=&#8220;Weiterlesen&#8220; button_alignment=&#8220;center&#8220; _builder_version=&#8220;4.18.0&#8243; _module_preset=&#8220;default&#8220; custom_button=&#8220;on&#8220; global_colors_info=&#8220;{}&#8220;][\/et_pb_button][\/et_pb_column][et_pb_column type=&#8220;1_4&#8243; _builder_version=&#8220;4.17.6&#8243; _module_preset=&#8220;default&#8220; global_colors_info=&#8220;{}&#8220;][et_pb_image src=&#8220;https:\/\/chamaeleon-demenz.de\/wp-content\/uploads\/2022\/09\/Chamaeleon_Kreis_Alltag-1.png&#8220; title_text=&#8220;Cham\u00e4leon Alltag&#8220; url=&#8220;https:\/\/chamaeleon-demenz.de\/?page_id=221&#8243; align=&#8220;center&#8220; _builder_version=&#8220;4.19.5&#8243; _module_preset=&#8220;default&#8220; width=&#8220;100%&#8220; module_alignment=&#8220;center&#8220; custom_margin=&#8220;0px||0px||false|false&#8220; custom_padding=&#8220;0px||0px||false|false&#8220; global_colors_info=&#8220;{}&#8220;][\/et_pb_image][et_pb_text _builder_version=&#8220;4.19.5&#8243; _module_preset=&#8220;default&#8220; custom_padding=&#8220;3px|||||&#8220; link_option_url=&#8220;https:\/\/chamaeleon-demenz.de\/?p=285&#8243; locked=&#8220;off&#8220; global_colors_info=&#8220;{}&#8220;]<\/p>\n<h1 style=\"text-align: center;\">Alltag<\/h1>\n<p style=\"text-align: center;\">Wie es gelingen kann,\u00a0 Menschen mit Demenz mit ihren Bed\u00fcrfnissen nach Teilhabe und Selbstbestimmung im Alltag zu integrieren, ist eine Herausforderung, die nur gemeinsam bew\u00e4ltigt werden kann.<\/p>\n<p>[\/et_pb_text][et_pb_button button_url=&#8220;https:\/\/chamaeleon-demenz.de\/?page_id=221&#8243; button_text=&#8220;Weiterlesen&#8220; button_alignment=&#8220;center&#8220; _builder_version=&#8220;4.18.0&#8243; _module_preset=&#8220;default&#8220; custom_button=&#8220;on&#8220; global_colors_info=&#8220;{}&#8220;][\/et_pb_button][\/et_pb_column][et_pb_column type=&#8220;1_4&#8243; _builder_version=&#8220;4.17.6&#8243; _module_preset=&#8220;default&#8220; global_colors_info=&#8220;{}&#8220;][et_pb_image src=&#8220;https:\/\/chamaeleon-demenz.de\/wp-content\/uploads\/2022\/09\/Chamaeleon_Kreis_Forschung.png&#8220; title_text=&#8220;Cham\u00e4leon Forschung&#8220; url=&#8220;https:\/\/chamaeleon-demenz.de\/?page_id=227&#8243; align=&#8220;center&#8220; _builder_version=&#8220;4.19.5&#8243; _module_preset=&#8220;default&#8220; width=&#8220;100%&#8220; module_alignment=&#8220;center&#8220; custom_margin=&#8220;||2px||false|false&#8220; custom_padding=&#8220;||0px||false|false&#8220; global_colors_info=&#8220;{}&#8220;][\/et_pb_image][et_pb_text _builder_version=&#8220;4.19.5&#8243; _module_preset=&#8220;default&#8220; link_option_url=&#8220;https:\/\/chamaeleon-demenz.de\/?page_id=227&#8243; global_colors_info=&#8220;{}&#8220;]<\/p>\n<h1 style=\"text-align: center;\">Forschung<\/h1>\n<p style=\"text-align: center;\">Zur Demenz, besonders zur Alzheimer Demenz wird weltweit intensiv geforscht. Meist sind es Forschungsfragen aus der Grundlagenforschung, doch zunehmend auch aus der Versorgungsforschung.<\/p>\n<p>[\/et_pb_text][et_pb_button button_url=&#8220;https:\/\/chamaeleon-demenz.de\/?page_id=227&#8243; button_text=&#8220;Weiterlesen&#8220; button_alignment=&#8220;center&#8220; _builder_version=&#8220;4.18.0&#8243; _module_preset=&#8220;default&#8220; custom_button=&#8220;on&#8220; global_colors_info=&#8220;{}&#8220;][\/et_pb_button][\/et_pb_column][et_pb_column type=&#8220;1_4&#8243; _builder_version=&#8220;4.19.4&#8243; _module_preset=&#8220;default&#8220; global_colors_info=&#8220;{}&#8220;][et_pb_image src=&#8220;https:\/\/chamaeleon-demenz.de\/wp-content\/uploads\/2022\/09\/Chamaeleon_Kreis_Fakten.png&#8220; title_text=&#8220;Cham\u00e4eon Fakten&#8220; url=&#8220;https:\/\/chamaeleon-demenz.de\/?p=285&#8243; align=&#8220;center&#8220; _builder_version=&#8220;4.19.5&#8243; _module_preset=&#8220;default&#8220; width=&#8220;100%&#8220; module_alignment=&#8220;center&#8220; custom_margin=&#8220;0px|0px|0px|0px|false|false&#8220; custom_padding=&#8220;0px|0px|2px|0px|false|false&#8220; global_colors_info=&#8220;{}&#8220;][\/et_pb_image][et_pb_text _builder_version=&#8220;4.19.5&#8243; _module_preset=&#8220;default&#8220; link_option_url=&#8220;https:\/\/chamaeleon-demenz.de\/?p=285&#8243; global_colors_info=&#8220;{}&#8220;]<\/p>\n<h1 style=\"text-align: center;\">Fakten<\/h1>\n<p style=\"text-align: center;\">Demenz ist nicht gleich Demenz. Es gibt verschiedene Formen und Auspr\u00e4gungen. Was alles dazu geh\u00f6rt und welche Zeichen und Symptome damit verbunden sind, findet sich hier.<\/p>\n<p>[\/et_pb_text][et_pb_button button_url=&#8220;https:\/\/chamaeleon-demenz.de\/?page_id=201&#8243; button_text=&#8220;Weiterlesen&#8220; button_alignment=&#8220;center&#8220; _builder_version=&#8220;4.19.4&#8243; _module_preset=&#8220;default&#8220; custom_button=&#8220;on&#8220; global_colors_info=&#8220;{}&#8220;][\/et_pb_button][\/et_pb_column][\/et_pb_row][\/et_pb_section][et_pb_section fb_built=&#8220;1&#8243; _builder_version=&#8220;4.18.0&#8243; _module_preset=&#8220;default&#8220; module_alignment=&#8220;center&#8220; custom_margin=&#8220;0px|0px|0px|0px|false|false&#8220; custom_padding=&#8220;0px|0px|0px|0px|false|false&#8220; global_colors_info=&#8220;{}&#8220;][et_pb_row _builder_version=&#8220;4.18.0&#8243; _module_preset=&#8220;default&#8220; module_alignment=&#8220;center&#8220; custom_margin=&#8220;0px||0px||false|false&#8220; custom_padding=&#8220;0px||0px||false|false&#8220; global_colors_info=&#8220;{}&#8220;][et_pb_column type=&#8220;4_4&#8243; _builder_version=&#8220;4.18.0&#8243; _module_preset=&#8220;default&#8220; global_colors_info=&#8220;{}&#8220;][et_pb_text _builder_version=&#8220;4.18.0&#8243; _dynamic_attributes=&#8220;content&#8220; _module_preset=&#8220;default&#8220; header_text_align=&#8220;center&#8220; header_4_line_height=&#8220;1.5em&#8220; text_orientation=&#8220;center&#8220; custom_margin=&#8220;0px|0px|0px|0px|false|false&#8220; custom_padding=&#8220;0px|0px|0px|0px|false|false&#8220; header_font_size_tablet=&#8220;55px&#8220; header_font_size_last_edited=&#8220;off|desktop&#8220; header_4_font_size_tablet=&#8220;&#8220; header_4_font_size_phone=&#8220;15px&#8220; header_4_font_size_last_edited=&#8220;on|tablet&#8220; global_colors_info=&#8220;{}&#8220;]@ET-DC@eyJkeW5hbWljIjp0cnVlLCJjb250ZW50IjoiY3VycmVudF9kYXRlIiwic2V0dGluZ3MiOnsiYmVmb3JlIjoiQ29weXJpZ2h0IFx1MDBhOSAiLCJhZnRlciI6IiBDaGFtYWVsZW9uIERlbWVueiAiLCJkYXRlX2Zvcm1hdCI6ImN1c3RvbSIsImN1c3RvbV9kYXRlX2Zvcm1hdCI6IlkifX0=@[\/et_pb_text][\/et_pb_column][\/et_pb_row][\/et_pb_section]<\/p>\n","protected":false},"excerpt":{"rendered":"<p>Willkommen bei Cham\u00e4leon-Demenz! Cham\u00e4leon und Demenz &#8211; Was haben diese Dinge miteinander zu tun?Viele herausfordernde Situationen, speziell in der Begleitung von Menschen mit Demenz, gr\u00fcnden auf der Schwierigkeit, sich gegenseitig zu verst\u00e4ndigen. Das ist in der Tierwelt nicht anders. Allerdings ist hier die angewendete &#8222;Sprache&#8220; je nach Spezies sehr unterschiedlich. So nutzen die verschiedenen Cham\u00e4leonarten [&hellip;]<\/p>\n","protected":false},"author":1,"featured_media":0,"parent":0,"menu_order":0,"comment_status":"closed","ping_status":"closed","template":"","meta":{"_et_pb_use_builder":"on","_et_pb_old_content":"","_et_gb_content_width":""},"_links":{"self":[{"href":"https:\/\/chamaeleon-demenz.de\/index.php?rest_route=\/wp\/v2\/pages\/23"}],"collection":[{"href":"https:\/\/chamaeleon-demenz.de\/index.php?rest_route=\/wp\/v2\/pages"}],"about":[{"href":"https:\/\/chamaeleon-demenz.de\/index.php?rest_route=\/wp\/v2\/types\/page"}],"author":[{"embeddable":true,"href":"https:\/\/chamaeleon-demenz.de\/index.php?rest_route=\/wp\/v2\/users\/1"}],"replies":[{"embeddable":true,"href":"https:\/\/chamaeleon-demenz.de\/index.php?rest_route=%2Fwp%2Fv2%2Fcomments&post=23"}],"version-history":[{"count":89,"href":"https:\/\/chamaeleon-demenz.de\/index.php?rest_route=\/wp\/v2\/pages\/23\/revisions"}],"predecessor-version":[{"id":822,"href":"https:\/\/chamaeleon-demenz.de\/index.php?rest_route=\/wp\/v2\/pages\/23\/revisions\/822"}],"wp:attachment":[{"href":"https:\/\/chamaeleon-demenz.de\/index.php?rest_route=%2Fwp%2Fv2%2Fmedia&parent=23"}],"curies":[{"name":"wp","href":"https:\/\/api.w.org\/{rel}","templated":true}]}}